{"id":105,"date":"2025-04-29T16:10:36","date_gmt":"2025-04-29T16:10:36","guid":{"rendered":"https:\/\/legu.dk\/?page_id=105"},"modified":"2025-04-29T16:11:18","modified_gmt":"2025-04-29T16:11:18","slug":"deltagerforudsaetninger","status":"publish","type":"page","link":"https:\/\/legu.dk\/index.php\/deltagerforudsaetninger\/","title":{"rendered":"Deltagerforuds\u00e6tninger"},"content":{"rendered":"\n<h2 class=\"wp-block-heading\">Deltagerforuds\u00e6tninger:<\/h2>\n\n\n\n<ul class=\"wp-block-list\">\n<li>Deltageren skal have k\u00f8rekort til kategori B (bil),<\/li>\n\n\n\n<li>v\u00e6re fyldt 18 \u00e5r, og<\/li>\n\n\n\n<li>kan godkendes til k\u00f8rsel med kategori C og C\/E (lastbil og vogntog) <\/li>\n<\/ul>\n\n\n\n<h1 class=\"wp-block-heading\">L\u00e6geattest<\/h1>\n\n\n\n<p>N\u00e5r du ans\u00f8ger om k\u00f8rekort skal du i visse tilf\u00e6lde medbringe en l\u00e6geattest udfyldt af egen l\u00e6ge.<br><strong>Du skal bruge en l\u00e6geattest, gruppe 2, hvis du ans\u00f8ger om k\u00f8rekort til lastbil<\/strong><\/p>\n\n\n\n<p><a href=\"https:\/\/www.retsinformation.dk\/eli\/retsinfo\/2022\/10150\" target=\"_blank\" rel=\"noreferrer noopener\">Vejledning til l\u00e6geattest<\/a><\/p>\n","protected":false},"excerpt":{"rendered":"<p>Deltagerforuds\u00e6tninger: L\u00e6geattest N\u00e5r du ans\u00f8ger om k\u00f8rekort skal du i visse tilf\u00e6lde medbringe en l\u00e6geattest udfyldt af egen l\u00e6ge.Du skal bruge en l\u00e6geattest, gruppe 2, hvis du ans\u00f8ger om k\u00f8rekort til lastbil Vejledning til l\u00e6geattest<\/p>\n","protected":false},"author":1,"featured_media":0,"parent":0,"menu_order":0,"comment_status":"closed","ping_status":"closed","template":"","meta":{"footnotes":""},"class_list":["post-105","page","type-page","status-publish","hentry"],"yoast_head":"<!-- This site is optimized with the Yoast SEO plugin v25.2 - https:\/\/yoast.com\/wordpress\/plugins\/seo\/ -->\n<title>Deltagerforuds\u00e6tninger - EGU TRANSPORT<\/title>\n<meta name=\"robots\" content=\"index, follow, max-snippet:-1, max-image-preview:large, max-video-preview:-1\" \/>\n<link rel=\"canonical\" href=\"https:\/\/legu.dk\/index.php\/deltagerforudsaetninger\/\" \/>\n<meta property=\"og:locale\" content=\"da_DK\" \/>\n<meta property=\"og:type\" content=\"article\" \/>\n<meta property=\"og:title\" content=\"Deltagerforuds\u00e6tninger - EGU TRANSPORT\" \/>\n<meta property=\"og:description\" content=\"Deltagerforuds\u00e6tninger: L\u00e6geattest N\u00e5r du ans\u00f8ger om k\u00f8rekort skal du i visse tilf\u00e6lde medbringe en l\u00e6geattest udfyldt af egen l\u00e6ge.Du skal bruge en l\u00e6geattest, gruppe 2, hvis du ans\u00f8ger om k\u00f8rekort til lastbil Vejledning til l\u00e6geattest\" \/>\n<meta property=\"og:url\" content=\"https:\/\/legu.dk\/index.php\/deltagerforudsaetninger\/\" \/>\n<meta property=\"og:site_name\" content=\"EGU TRANSPORT\" \/>\n<meta property=\"article:modified_time\" content=\"2025-04-29T16:11:18+00:00\" \/>\n<meta name=\"twitter:card\" content=\"summary_large_image\" \/>\n<meta name=\"twitter:label1\" content=\"Estimeret l\u00e6setid\" \/>\n\t<meta name=\"twitter:data1\" content=\"1 minut\" \/>\n<script type=\"application\/ld+json\" class=\"yoast-schema-graph\">{\"@context\":\"https:\/\/schema.org\",\"@graph\":[{\"@type\":\"WebPage\",\"@id\":\"https:\/\/legu.dk\/index.php\/deltagerforudsaetninger\/\",\"url\":\"https:\/\/legu.dk\/index.php\/deltagerforudsaetninger\/\",\"name\":\"Deltagerforuds\u00e6tninger - EGU TRANSPORT\",\"isPartOf\":{\"@id\":\"https:\/\/legu.dk\/#website\"},\"datePublished\":\"2025-04-29T16:10:36+00:00\",\"dateModified\":\"2025-04-29T16:11:18+00:00\",\"breadcrumb\":{\"@id\":\"https:\/\/legu.dk\/index.php\/deltagerforudsaetninger\/#breadcrumb\"},\"inLanguage\":\"da-DK\",\"potentialAction\":[{\"@type\":\"ReadAction\",\"target\":[\"https:\/\/legu.dk\/index.php\/deltagerforudsaetninger\/\"]}]},{\"@type\":\"BreadcrumbList\",\"@id\":\"https:\/\/legu.dk\/index.php\/deltagerforudsaetninger\/#breadcrumb\",\"itemListElement\":[{\"@type\":\"ListItem\",\"position\":1,\"name\":\"Hjem\",\"item\":\"https:\/\/legu.dk\/\"},{\"@type\":\"ListItem\",\"position\":2,\"name\":\"Deltagerforuds\u00e6tninger\"}]},{\"@type\":\"WebSite\",\"@id\":\"https:\/\/legu.dk\/#website\",\"url\":\"https:\/\/legu.dk\/\",\"name\":\"EGU TRANSPORT\",\"description\":\"\",\"potentialAction\":[{\"@type\":\"SearchAction\",\"target\":{\"@type\":\"EntryPoint\",\"urlTemplate\":\"https:\/\/legu.dk\/?s={search_term_string}\"},\"query-input\":{\"@type\":\"PropertyValueSpecification\",\"valueRequired\":true,\"valueName\":\"search_term_string\"}}],\"inLanguage\":\"da-DK\"}]}<\/script>\n<!-- \/ Yoast SEO plugin. -->","yoast_head_json":{"title":"Deltagerforuds\u00e6tninger - EGU TRANSPORT","robots":{"index":"index","follow":"follow","max-snippet":"max-snippet:-1","max-image-preview":"max-image-preview:large","max-video-preview":"max-video-preview:-1"},"canonical":"https:\/\/legu.dk\/index.php\/deltagerforudsaetninger\/","og_locale":"da_DK","og_type":"article","og_title":"Deltagerforuds\u00e6tninger - EGU TRANSPORT","og_description":"Deltagerforuds\u00e6tninger: L\u00e6geattest N\u00e5r du ans\u00f8ger om k\u00f8rekort skal du i visse tilf\u00e6lde medbringe en l\u00e6geattest udfyldt af egen l\u00e6ge.Du skal bruge en l\u00e6geattest, gruppe 2, hvis du ans\u00f8ger om k\u00f8rekort til lastbil Vejledning til l\u00e6geattest","og_url":"https:\/\/legu.dk\/index.php\/deltagerforudsaetninger\/","og_site_name":"EGU TRANSPORT","article_modified_time":"2025-04-29T16:11:18+00:00","twitter_card":"summary_large_image","twitter_misc":{"Estimeret l\u00e6setid":"1 minut"},"schema":{"@context":"https:\/\/schema.org","@graph":[{"@type":"WebPage","@id":"https:\/\/legu.dk\/index.php\/deltagerforudsaetninger\/","url":"https:\/\/legu.dk\/index.php\/deltagerforudsaetninger\/","name":"Deltagerforuds\u00e6tninger - EGU TRANSPORT","isPartOf":{"@id":"https:\/\/legu.dk\/#website"},"datePublished":"2025-04-29T16:10:36+00:00","dateModified":"2025-04-29T16:11:18+00:00","breadcrumb":{"@id":"https:\/\/legu.dk\/index.php\/deltagerforudsaetninger\/#breadcrumb"},"inLanguage":"da-DK","potentialAction":[{"@type":"ReadAction","target":["https:\/\/legu.dk\/index.php\/deltagerforudsaetninger\/"]}]},{"@type":"BreadcrumbList","@id":"https:\/\/legu.dk\/index.php\/deltagerforudsaetninger\/#breadcrumb","itemListElement":[{"@type":"ListItem","position":1,"name":"Hjem","item":"https:\/\/legu.dk\/"},{"@type":"ListItem","position":2,"name":"Deltagerforuds\u00e6tninger"}]},{"@type":"WebSite","@id":"https:\/\/legu.dk\/#website","url":"https:\/\/legu.dk\/","name":"EGU TRANSPORT","description":"","potentialAction":[{"@type":"SearchAction","target":{"@type":"EntryPoint","urlTemplate":"https:\/\/legu.dk\/?s={search_term_string}"},"query-input":{"@type":"PropertyValueSpecification","valueRequired":true,"valueName":"search_term_string"}}],"inLanguage":"da-DK"}]}},"_links":{"self":[{"href":"https:\/\/legu.dk\/index.php\/wp-json\/wp\/v2\/pages\/105","targetHints":{"allow":["GET"]}}],"collection":[{"href":"https:\/\/legu.dk\/index.php\/wp-json\/wp\/v2\/pages"}],"about":[{"href":"https:\/\/legu.dk\/index.php\/wp-json\/wp\/v2\/types\/page"}],"author":[{"embeddable":true,"href":"https:\/\/legu.dk\/index.php\/wp-json\/wp\/v2\/users\/1"}],"replies":[{"embeddable":true,"href":"https:\/\/legu.dk\/index.php\/wp-json\/wp\/v2\/comments?post=105"}],"version-history":[{"count":3,"href":"https:\/\/legu.dk\/index.php\/wp-json\/wp\/v2\/pages\/105\/revisions"}],"predecessor-version":[{"id":108,"href":"https:\/\/legu.dk\/index.php\/wp-json\/wp\/v2\/pages\/105\/revisions\/108"}],"wp:attachment":[{"href":"https:\/\/legu.dk\/index.php\/wp-json\/wp\/v2\/media?parent=105"}],"curies":[{"name":"wp","href":"https:\/\/api.w.org\/{rel}","templated":true}]}}