{"id":2,"date":"2025-04-29T13:25:19","date_gmt":"2025-04-29T13:25:19","guid":{"rendered":"https:\/\/legu.dk\/?page_id=2"},"modified":"2025-04-29T22:03:51","modified_gmt":"2025-04-29T22:03:51","slug":"sample-page","status":"publish","type":"page","link":"https:\/\/legu.dk\/index.php\/sample-page\/","title":{"rendered":"Om os"},"content":{"rendered":"\n<ul class=\"wp-block-list\">\n<li>Vi har flere gange planlagt, tilrettelagt, undervist og gennemf\u00f8rt EGU- hold for godstransport.<\/li>\n\n\n\n<li>Vi kender til de typiske problemer de unge kan have undervejs i forl\u00f8bet.<\/li>\n\n\n\n<li>Vi har uddannet borgere med diagnoser bl.a. med ADHD, ADD, Asperger, angst og PTSD.<\/li>\n\n\n\n<li>Vi har en uddannelse som k\u00f8rel\u00e6rer\/ fagl\u00e6rer indenfor transport, p\u00e6dagogikum, p\u00e6dagogisk praktik vejlederuddannelse og anden relevant uddannelse m.m.<\/li>\n<\/ul>\n\n\n\n<h2 class=\"wp-block-heading\">Vi tilbyder&#8230;.<\/h2>\n\n\n\n<ul class=\"wp-block-list\">\n<li>Deltagelse ved f\u00e6lles informationsm\u00f8de med borgerne (er visiteret).<\/li>\n\n\n\n<li>Personlig samtale med borgeren inden borgeren beslutter sig.<\/li>\n\n\n\n<li>At skabe kontakt til &#8211; og i samarbejde med det lokale uddannelsescenter planl\u00e6gge forl\u00f8bet.<\/li>\n\n\n\n<li>At skabe overlevering til andre undervisere.<\/li>\n\n\n\n<li>En l\u00f8bende kontakt til vejlederne.<\/li>\n<\/ul>\n\n\n\n<hr class=\"wp-block-separator has-alpha-channel-opacity\"\/>\n\n\n\n<h2 class=\"wp-block-heading\">Vi kan bidrage med:<\/h2>\n\n\n\n<ul class=\"wp-block-list\">\n<li>Stor erfaring med uddannelse og undervisning under AMU.<\/li>\n\n\n\n<li>Kendskab til skoler der afvikler transportuddannelser under AMU.&nbsp;<\/li>\n\n\n\n<li>Hj\u00e6lp til planl\u00e6gning og tilrettel\u00e6ggelse et AMU-baseret uddannelsesforl\u00f8b.<\/li>\n\n\n\n<li>Bindeled til FGU\/EGU, jobkonsulenter, KUI, vejledere og undervisere der er tilknyttet de unge mennesker.<\/li>\n\n\n\n<li>Et skr\u00e6ddersyet forl\u00f8b.<\/li>\n\n\n\n<li>Vores eget specielle undervisningsmateriale til indl\u00e6ring.<\/li>\n\n\n\n<li>Vi har viden om den administrative og \u00f8konomiske del af uddannelsen.<\/li>\n\n\n\n<li>Vi kan  undervise og evaluerer transportuddannelser under AMU.<br><\/li>\n<\/ul>\n\n\n\n<hr class=\"wp-block-separator has-alpha-channel-opacity\"\/>\n\n\n\n<p><\/p>\n\n\n\n<p><\/p>\n","protected":false},"excerpt":{"rendered":"<p>Vi tilbyder&#8230;. Vi kan bidrage med:<\/p>\n","protected":false},"author":1,"featured_media":0,"parent":0,"menu_order":0,"comment_status":"closed","ping_status":"open","template":"","meta":{"footnotes":""},"class_list":["post-2","page","type-page","status-publish","hentry"],"yoast_head":"<!-- This site is optimized with the Yoast SEO plugin v25.2 - https:\/\/yoast.com\/wordpress\/plugins\/seo\/ -->\n<title>Om os - EGU TRANSPORT<\/title>\n<meta name=\"robots\" content=\"index, follow, max-snippet:-1, max-image-preview:large, max-video-preview:-1\" \/>\n<link rel=\"canonical\" href=\"https:\/\/legu.dk\/index.php\/sample-page\/\" \/>\n<meta property=\"og:locale\" content=\"da_DK\" \/>\n<meta property=\"og:type\" content=\"article\" \/>\n<meta property=\"og:title\" content=\"Om os - EGU TRANSPORT\" \/>\n<meta property=\"og:description\" content=\"Vi tilbyder&#8230;. Vi kan bidrage med:\" \/>\n<meta property=\"og:url\" content=\"https:\/\/legu.dk\/index.php\/sample-page\/\" \/>\n<meta property=\"og:site_name\" content=\"EGU TRANSPORT\" \/>\n<meta property=\"article:modified_time\" content=\"2025-04-29T22:03:51+00:00\" \/>\n<meta name=\"twitter:card\" content=\"summary_large_image\" \/>\n<meta name=\"twitter:label1\" content=\"Estimeret l\u00e6setid\" \/>\n\t<meta name=\"twitter:data1\" content=\"1 minut\" \/>\n<script type=\"application\/ld+json\" class=\"yoast-schema-graph\">{\"@context\":\"https:\/\/schema.org\",\"@graph\":[{\"@type\":\"WebPage\",\"@id\":\"https:\/\/legu.dk\/index.php\/sample-page\/\",\"url\":\"https:\/\/legu.dk\/index.php\/sample-page\/\",\"name\":\"Om os - EGU TRANSPORT\",\"isPartOf\":{\"@id\":\"https:\/\/legu.dk\/#website\"},\"datePublished\":\"2025-04-29T13:25:19+00:00\",\"dateModified\":\"2025-04-29T22:03:51+00:00\",\"breadcrumb\":{\"@id\":\"https:\/\/legu.dk\/index.php\/sample-page\/#breadcrumb\"},\"inLanguage\":\"da-DK\",\"potentialAction\":[{\"@type\":\"ReadAction\",\"target\":[\"https:\/\/legu.dk\/index.php\/sample-page\/\"]}]},{\"@type\":\"BreadcrumbList\",\"@id\":\"https:\/\/legu.dk\/index.php\/sample-page\/#breadcrumb\",\"itemListElement\":[{\"@type\":\"ListItem\",\"position\":1,\"name\":\"Hjem\",\"item\":\"https:\/\/legu.dk\/\"},{\"@type\":\"ListItem\",\"position\":2,\"name\":\"Om os\"}]},{\"@type\":\"WebSite\",\"@id\":\"https:\/\/legu.dk\/#website\",\"url\":\"https:\/\/legu.dk\/\",\"name\":\"EGU TRANSPORT\",\"description\":\"\",\"potentialAction\":[{\"@type\":\"SearchAction\",\"target\":{\"@type\":\"EntryPoint\",\"urlTemplate\":\"https:\/\/legu.dk\/?s={search_term_string}\"},\"query-input\":{\"@type\":\"PropertyValueSpecification\",\"valueRequired\":true,\"valueName\":\"search_term_string\"}}],\"inLanguage\":\"da-DK\"}]}<\/script>\n<!-- \/ Yoast SEO plugin. -->","yoast_head_json":{"title":"Om os - EGU TRANSPORT","robots":{"index":"index","follow":"follow","max-snippet":"max-snippet:-1","max-image-preview":"max-image-preview:large","max-video-preview":"max-video-preview:-1"},"canonical":"https:\/\/legu.dk\/index.php\/sample-page\/","og_locale":"da_DK","og_type":"article","og_title":"Om os - EGU TRANSPORT","og_description":"Vi tilbyder&#8230;. Vi kan bidrage med:","og_url":"https:\/\/legu.dk\/index.php\/sample-page\/","og_site_name":"EGU TRANSPORT","article_modified_time":"2025-04-29T22:03:51+00:00","twitter_card":"summary_large_image","twitter_misc":{"Estimeret l\u00e6setid":"1 minut"},"schema":{"@context":"https:\/\/schema.org","@graph":[{"@type":"WebPage","@id":"https:\/\/legu.dk\/index.php\/sample-page\/","url":"https:\/\/legu.dk\/index.php\/sample-page\/","name":"Om os - EGU TRANSPORT","isPartOf":{"@id":"https:\/\/legu.dk\/#website"},"datePublished":"2025-04-29T13:25:19+00:00","dateModified":"2025-04-29T22:03:51+00:00","breadcrumb":{"@id":"https:\/\/legu.dk\/index.php\/sample-page\/#breadcrumb"},"inLanguage":"da-DK","potentialAction":[{"@type":"ReadAction","target":["https:\/\/legu.dk\/index.php\/sample-page\/"]}]},{"@type":"BreadcrumbList","@id":"https:\/\/legu.dk\/index.php\/sample-page\/#breadcrumb","itemListElement":[{"@type":"ListItem","position":1,"name":"Hjem","item":"https:\/\/legu.dk\/"},{"@type":"ListItem","position":2,"name":"Om os"}]},{"@type":"WebSite","@id":"https:\/\/legu.dk\/#website","url":"https:\/\/legu.dk\/","name":"EGU TRANSPORT","description":"","potentialAction":[{"@type":"SearchAction","target":{"@type":"EntryPoint","urlTemplate":"https:\/\/legu.dk\/?s={search_term_string}"},"query-input":{"@type":"PropertyValueSpecification","valueRequired":true,"valueName":"search_term_string"}}],"inLanguage":"da-DK"}]}},"_links":{"self":[{"href":"https:\/\/legu.dk\/index.php\/wp-json\/wp\/v2\/pages\/2","targetHints":{"allow":["GET"]}}],"collection":[{"href":"https:\/\/legu.dk\/index.php\/wp-json\/wp\/v2\/pages"}],"about":[{"href":"https:\/\/legu.dk\/index.php\/wp-json\/wp\/v2\/types\/page"}],"author":[{"embeddable":true,"href":"https:\/\/legu.dk\/index.php\/wp-json\/wp\/v2\/users\/1"}],"replies":[{"embeddable":true,"href":"https:\/\/legu.dk\/index.php\/wp-json\/wp\/v2\/comments?post=2"}],"version-history":[{"count":10,"href":"https:\/\/legu.dk\/index.php\/wp-json\/wp\/v2\/pages\/2\/revisions"}],"predecessor-version":[{"id":171,"href":"https:\/\/legu.dk\/index.php\/wp-json\/wp\/v2\/pages\/2\/revisions\/171"}],"wp:attachment":[{"href":"https:\/\/legu.dk\/index.php\/wp-json\/wp\/v2\/media?parent=2"}],"curies":[{"name":"wp","href":"https:\/\/api.w.org\/{rel}","templated":true}]}}