{"id":24,"date":"2025-04-29T12:18:36","date_gmt":"2025-04-29T12:18:36","guid":{"rendered":"https:\/\/legu.dk\/?page_id=24"},"modified":"2025-04-29T22:17:11","modified_gmt":"2025-04-29T22:17:11","slug":"opgaver","status":"publish","type":"page","link":"https:\/\/legu.dk\/index.php\/opgaver\/","title":{"rendered":"Den kommunale ungeindsats"},"content":{"rendered":"\n<h2 class=\"wp-block-heading\">Den kommunale ungeindsats<\/h2>\n\n\n\n<p>Det er den kommunale ungeindsats, der har ansvaret for at finde en praktikplads til den unge. I praktikken undervises eleven i et fagligt tema. Ved siden af praktikforl\u00f8bet deltager den unge i skoleforl\u00f8b, som skal underst\u00f8tte virksomhedspraktikken eksempelvis AMU-kurser eller matematik og danskundervisning. Undervisningen p\u00e5 egu er fordelt med 2\/3 virksomhedspraktik og 1\/3 skoleundervisning.<\/p>\n\n\n\n<p>Den sammenh\u00e6ngende kommunale ungeindsats skal sikre, at alle unge under 25 \u00e5r f\u00e5r den n\u00f8dvendige st\u00f8tte til at kunne gennemf\u00f8re en ungdomsuddannelse eller opn\u00e5 fast tilknytning til arbejdsmarkedet. Den kommunale ungeindsats skal tage udgangspunkt i den unges aktuelle situation, uddannelses- og erhvervs\u00f8nsker samt mulighederne for realiseringen.<\/p>\n\n\n\n<p>Kommunerne har det entydige myndighedsansvar for at sikre den n\u00f8dvendige st\u00f8tte og sammenh\u00e6ng i den unges overgang mellem grundskole, ungdomsuddannelse eller til besk\u00e6ftigelse. Kommunerne skal tilrettel\u00e6gge en indsats, hvor den unge og den unges for\u00e6ldre m\u00f8der kommunen som \u00e9n samlet instans. Det kr\u00e6ver en koordinering p\u00e5 tv\u00e6rs af den enkelte kommunes uddannelses-, besk\u00e6ftigelses- og socialindsats. Jobcenterets opgaver for unge under 25 \u00e5r forankres desuden i den kommunale ungeindsats. Den kommunale ungeindsats skal derfor foretage en samlet afvejning af mulige tilbud og indsatser, som kan bringe den unge t\u00e6ttere p\u00e5 job og uddannelse.<\/p>\n\n\n\n<p>Med lovkravet om en sammenh\u00e6ngende kommunal ungeindsats sikres en tv\u00e6rg\u00e5ende koordinering af ungeindsatsen i alle landets kommuner. Det understreges samtidig, at det er den enkelte kommune, der beslutter, hvordan den kommunale ungeindsats organiseres.<\/p>\n\n\n\n<p>Unge under 25 \u00e5r, der ikke er i gang med eller har gennemf\u00f8rt en erhvervskompetencegivende ungdomsuddannelse, har ret til vejledning om uddannelse og job hos den kommunale ungeindsats.<\/p>\n\n\n\n<hr class=\"wp-block-separator has-alpha-channel-opacity\"\/>\n\n\n\n<p><\/p>\n","protected":false},"excerpt":{"rendered":"<p>Den kommunale ungeindsats Det er den kommunale ungeindsats, der har ansvaret for at finde en praktikplads til den unge. I praktikken undervises eleven i et fagligt tema. Ved siden af praktikforl\u00f8bet deltager den unge i skoleforl\u00f8b, som skal underst\u00f8tte virksomhedspraktikken eksempelvis AMU-kurser eller matematik og danskundervisning. Undervisningen p\u00e5 egu er fordelt med 2\/3 virksomhedspraktik og [&hellip;]<\/p>\n","protected":false},"author":1,"featured_media":0,"parent":0,"menu_order":0,"comment_status":"closed","ping_status":"closed","template":"","meta":{"footnotes":""},"class_list":["post-24","page","type-page","status-publish","hentry"],"yoast_head":"<!-- This site is optimized with the Yoast SEO plugin v25.2 - https:\/\/yoast.com\/wordpress\/plugins\/seo\/ -->\n<title>Den kommunale ungeindsats - EGU TRANSPORT<\/title>\n<meta name=\"robots\" content=\"index, follow, max-snippet:-1, max-image-preview:large, max-video-preview:-1\" \/>\n<link rel=\"canonical\" href=\"https:\/\/legu.dk\/index.php\/opgaver\/\" \/>\n<meta property=\"og:locale\" content=\"da_DK\" \/>\n<meta property=\"og:type\" content=\"article\" \/>\n<meta property=\"og:title\" content=\"Den kommunale ungeindsats - EGU TRANSPORT\" \/>\n<meta property=\"og:description\" content=\"Den kommunale ungeindsats Det er den kommunale ungeindsats, der har ansvaret for at finde en praktikplads til den unge. I praktikken undervises eleven i et fagligt tema. Ved siden af praktikforl\u00f8bet deltager den unge i skoleforl\u00f8b, som skal underst\u00f8tte virksomhedspraktikken eksempelvis AMU-kurser eller matematik og danskundervisning. Undervisningen p\u00e5 egu er fordelt med 2\/3 virksomhedspraktik og [&hellip;]\" \/>\n<meta property=\"og:url\" content=\"https:\/\/legu.dk\/index.php\/opgaver\/\" \/>\n<meta property=\"og:site_name\" content=\"EGU TRANSPORT\" \/>\n<meta property=\"article:modified_time\" content=\"2025-04-29T22:17:11+00:00\" \/>\n<meta name=\"twitter:card\" content=\"summary_large_image\" \/>\n<meta name=\"twitter:label1\" content=\"Estimeret l\u00e6setid\" \/>\n\t<meta name=\"twitter:data1\" content=\"2 minutter\" \/>\n<script type=\"application\/ld+json\" class=\"yoast-schema-graph\">{\"@context\":\"https:\/\/schema.org\",\"@graph\":[{\"@type\":\"WebPage\",\"@id\":\"https:\/\/legu.dk\/index.php\/opgaver\/\",\"url\":\"https:\/\/legu.dk\/index.php\/opgaver\/\",\"name\":\"Den kommunale ungeindsats - EGU TRANSPORT\",\"isPartOf\":{\"@id\":\"https:\/\/legu.dk\/#website\"},\"datePublished\":\"2025-04-29T12:18:36+00:00\",\"dateModified\":\"2025-04-29T22:17:11+00:00\",\"breadcrumb\":{\"@id\":\"https:\/\/legu.dk\/index.php\/opgaver\/#breadcrumb\"},\"inLanguage\":\"da-DK\",\"potentialAction\":[{\"@type\":\"ReadAction\",\"target\":[\"https:\/\/legu.dk\/index.php\/opgaver\/\"]}]},{\"@type\":\"BreadcrumbList\",\"@id\":\"https:\/\/legu.dk\/index.php\/opgaver\/#breadcrumb\",\"itemListElement\":[{\"@type\":\"ListItem\",\"position\":1,\"name\":\"Hjem\",\"item\":\"https:\/\/legu.dk\/\"},{\"@type\":\"ListItem\",\"position\":2,\"name\":\"Den kommunale ungeindsats\"}]},{\"@type\":\"WebSite\",\"@id\":\"https:\/\/legu.dk\/#website\",\"url\":\"https:\/\/legu.dk\/\",\"name\":\"EGU TRANSPORT\",\"description\":\"\",\"potentialAction\":[{\"@type\":\"SearchAction\",\"target\":{\"@type\":\"EntryPoint\",\"urlTemplate\":\"https:\/\/legu.dk\/?s={search_term_string}\"},\"query-input\":{\"@type\":\"PropertyValueSpecification\",\"valueRequired\":true,\"valueName\":\"search_term_string\"}}],\"inLanguage\":\"da-DK\"}]}<\/script>\n<!-- \/ Yoast SEO plugin. -->","yoast_head_json":{"title":"Den kommunale ungeindsats - EGU TRANSPORT","robots":{"index":"index","follow":"follow","max-snippet":"max-snippet:-1","max-image-preview":"max-image-preview:large","max-video-preview":"max-video-preview:-1"},"canonical":"https:\/\/legu.dk\/index.php\/opgaver\/","og_locale":"da_DK","og_type":"article","og_title":"Den kommunale ungeindsats - EGU TRANSPORT","og_description":"Den kommunale ungeindsats Det er den kommunale ungeindsats, der har ansvaret for at finde en praktikplads til den unge. I praktikken undervises eleven i et fagligt tema. Ved siden af praktikforl\u00f8bet deltager den unge i skoleforl\u00f8b, som skal underst\u00f8tte virksomhedspraktikken eksempelvis AMU-kurser eller matematik og danskundervisning. Undervisningen p\u00e5 egu er fordelt med 2\/3 virksomhedspraktik og [&hellip;]","og_url":"https:\/\/legu.dk\/index.php\/opgaver\/","og_site_name":"EGU TRANSPORT","article_modified_time":"2025-04-29T22:17:11+00:00","twitter_card":"summary_large_image","twitter_misc":{"Estimeret l\u00e6setid":"2 minutter"},"schema":{"@context":"https:\/\/schema.org","@graph":[{"@type":"WebPage","@id":"https:\/\/legu.dk\/index.php\/opgaver\/","url":"https:\/\/legu.dk\/index.php\/opgaver\/","name":"Den kommunale ungeindsats - EGU TRANSPORT","isPartOf":{"@id":"https:\/\/legu.dk\/#website"},"datePublished":"2025-04-29T12:18:36+00:00","dateModified":"2025-04-29T22:17:11+00:00","breadcrumb":{"@id":"https:\/\/legu.dk\/index.php\/opgaver\/#breadcrumb"},"inLanguage":"da-DK","potentialAction":[{"@type":"ReadAction","target":["https:\/\/legu.dk\/index.php\/opgaver\/"]}]},{"@type":"BreadcrumbList","@id":"https:\/\/legu.dk\/index.php\/opgaver\/#breadcrumb","itemListElement":[{"@type":"ListItem","position":1,"name":"Hjem","item":"https:\/\/legu.dk\/"},{"@type":"ListItem","position":2,"name":"Den kommunale ungeindsats"}]},{"@type":"WebSite","@id":"https:\/\/legu.dk\/#website","url":"https:\/\/legu.dk\/","name":"EGU TRANSPORT","description":"","potentialAction":[{"@type":"SearchAction","target":{"@type":"EntryPoint","urlTemplate":"https:\/\/legu.dk\/?s={search_term_string}"},"query-input":{"@type":"PropertyValueSpecification","valueRequired":true,"valueName":"search_term_string"}}],"inLanguage":"da-DK"}]}},"_links":{"self":[{"href":"https:\/\/legu.dk\/index.php\/wp-json\/wp\/v2\/pages\/24","targetHints":{"allow":["GET"]}}],"collection":[{"href":"https:\/\/legu.dk\/index.php\/wp-json\/wp\/v2\/pages"}],"about":[{"href":"https:\/\/legu.dk\/index.php\/wp-json\/wp\/v2\/types\/page"}],"author":[{"embeddable":true,"href":"https:\/\/legu.dk\/index.php\/wp-json\/wp\/v2\/users\/1"}],"replies":[{"embeddable":true,"href":"https:\/\/legu.dk\/index.php\/wp-json\/wp\/v2\/comments?post=24"}],"version-history":[{"count":11,"href":"https:\/\/legu.dk\/index.php\/wp-json\/wp\/v2\/pages\/24\/revisions"}],"predecessor-version":[{"id":187,"href":"https:\/\/legu.dk\/index.php\/wp-json\/wp\/v2\/pages\/24\/revisions\/187"}],"wp:attachment":[{"href":"https:\/\/legu.dk\/index.php\/wp-json\/wp\/v2\/media?parent=24"}],"curies":[{"name":"wp","href":"https:\/\/api.w.org\/{rel}","templated":true}]}}