{"id":62,"date":"2025-04-29T15:16:12","date_gmt":"2025-04-29T15:16:12","guid":{"rendered":"https:\/\/legu.dk\/?page_id=62"},"modified":"2025-04-29T15:47:20","modified_gmt":"2025-04-29T15:47:20","slug":"leg-dig-paa-vej","status":"publish","type":"page","link":"https:\/\/legu.dk\/index.php\/leg-dig-paa-vej\/","title":{"rendered":"Leg dig p\u00e5 vej"},"content":{"rendered":"\n<h2 class=\"wp-block-heading\">Leg dig p\u00e5 vej<\/h2>\n\n\n\n<ul class=\"wp-block-list\">\n<li>Arbejder med mennesker.\n<ul class=\"wp-block-list\">\n<li><strong>\u201d<em>Man skal blive til nogen, f\u00f8r man kan blive til noget<\/em>\u201d.<\/strong><\/li>\n<\/ul>\n<\/li>\n\n\n\n<li>Arbejder med kommunikation, konflikth\u00e5ndtering, v\u00e6rdier, teambuilding sundhed og fysisk tr\u00e6ning.<\/li>\n\n\n\n<li>Arbejder for at skabe tryghed, trivsel og stabile rammer i undervisningen, som en foruds\u00e6tning for at kunne l\u00e6re.<\/li>\n\n\n\n<li>Coacher, vejleder og afholder individuelle samtaler.<\/li>\n\n\n\n<li>Bes\u00f8ger praktikpladser.<\/li>\n\n\n\n<li>Har et menneskesyn med respekt, tolerance, loyalitet og humor.<\/li>\n\n\n\n<li>Har en rummelig og empatisk undervisning.<\/li>\n\n\n\n<li>Har skr\u00e6ddersyet den teoretiske del af et EGU-skoleforl\u00f8b inden for transport, for unge som ikke er kommet i gang med en ungdomsuddannelse, fordi de har faglige, personlige eller sociale udfordringer.<\/li>\n\n\n\n<li>Har uddannelsesforl\u00f8b fra 20 til 35 uger. Forl\u00f8bet er specielt skr\u00e6ddersyet og tilpasset EGU- transport. Der undervises bl.a. i transport-dansk og transport-matematik.<\/li>\n\n\n\n<li>Har mere end 20 forskellige metoder til at g\u00f8re en undervisning sjov og aktiv.<\/li>\n\n\n\n<li>Bygger et hold op, fordi, alle EGU-eleverne er i samme klasse.<\/li>\n\n\n\n<li>Er et uddannelsesforl\u00f8b der er sammensat af forskellige transportuddannelser fordelt over ca. 18 m\u00e5neder.<\/li>\n\n\n\n<li>\u00c5bner til en baggang, der kan give eleverne fremgang.<\/li>\n\n\n\n<li>Indretter os efter p\u00e6dagogiske motivationsteorier, med et karismatisk l\u00e6rerteam med hver sine specielle kvalifikationer.<\/li>\n\n\n\n<li>Anvender alternative l\u00e6ringsformer og udvikler undervisningsmaterialer, til de unge, som har det sv\u00e6rt med at l\u00e6re.<\/li>\n<\/ul>\n\n\n\n<p><\/p>\n","protected":false},"excerpt":{"rendered":"<p>Leg dig p\u00e5 vej<\/p>\n","protected":false},"author":1,"featured_media":0,"parent":0,"menu_order":0,"comment_status":"closed","ping_status":"closed","template":"","meta":{"footnotes":""},"class_list":["post-62","page","type-page","status-publish","hentry"],"yoast_head":"<!-- This site is optimized with the Yoast SEO plugin v25.2 - https:\/\/yoast.com\/wordpress\/plugins\/seo\/ -->\n<title>Leg dig p\u00e5 vej - EGU TRANSPORT<\/title>\n<meta name=\"robots\" content=\"index, follow, max-snippet:-1, max-image-preview:large, max-video-preview:-1\" \/>\n<link rel=\"canonical\" href=\"https:\/\/legu.dk\/index.php\/leg-dig-paa-vej\/\" \/>\n<meta property=\"og:locale\" content=\"da_DK\" \/>\n<meta property=\"og:type\" content=\"article\" \/>\n<meta property=\"og:title\" content=\"Leg dig p\u00e5 vej - EGU TRANSPORT\" \/>\n<meta property=\"og:description\" content=\"Leg dig p\u00e5 vej\" \/>\n<meta property=\"og:url\" content=\"https:\/\/legu.dk\/index.php\/leg-dig-paa-vej\/\" \/>\n<meta property=\"og:site_name\" content=\"EGU TRANSPORT\" \/>\n<meta property=\"article:modified_time\" content=\"2025-04-29T15:47:20+00:00\" \/>\n<meta name=\"twitter:card\" content=\"summary_large_image\" \/>\n<meta name=\"twitter:label1\" content=\"Estimeret l\u00e6setid\" \/>\n\t<meta name=\"twitter:data1\" content=\"1 minut\" \/>\n<script type=\"application\/ld+json\" class=\"yoast-schema-graph\">{\"@context\":\"https:\/\/schema.org\",\"@graph\":[{\"@type\":\"WebPage\",\"@id\":\"https:\/\/legu.dk\/index.php\/leg-dig-paa-vej\/\",\"url\":\"https:\/\/legu.dk\/index.php\/leg-dig-paa-vej\/\",\"name\":\"Leg dig p\u00e5 vej - EGU TRANSPORT\",\"isPartOf\":{\"@id\":\"https:\/\/legu.dk\/#website\"},\"datePublished\":\"2025-04-29T15:16:12+00:00\",\"dateModified\":\"2025-04-29T15:47:20+00:00\",\"breadcrumb\":{\"@id\":\"https:\/\/legu.dk\/index.php\/leg-dig-paa-vej\/#breadcrumb\"},\"inLanguage\":\"da-DK\",\"potentialAction\":[{\"@type\":\"ReadAction\",\"target\":[\"https:\/\/legu.dk\/index.php\/leg-dig-paa-vej\/\"]}]},{\"@type\":\"BreadcrumbList\",\"@id\":\"https:\/\/legu.dk\/index.php\/leg-dig-paa-vej\/#breadcrumb\",\"itemListElement\":[{\"@type\":\"ListItem\",\"position\":1,\"name\":\"Hjem\",\"item\":\"https:\/\/legu.dk\/\"},{\"@type\":\"ListItem\",\"position\":2,\"name\":\"Leg dig p\u00e5 vej\"}]},{\"@type\":\"WebSite\",\"@id\":\"https:\/\/legu.dk\/#website\",\"url\":\"https:\/\/legu.dk\/\",\"name\":\"EGU TRANSPORT\",\"description\":\"\",\"potentialAction\":[{\"@type\":\"SearchAction\",\"target\":{\"@type\":\"EntryPoint\",\"urlTemplate\":\"https:\/\/legu.dk\/?s={search_term_string}\"},\"query-input\":{\"@type\":\"PropertyValueSpecification\",\"valueRequired\":true,\"valueName\":\"search_term_string\"}}],\"inLanguage\":\"da-DK\"}]}<\/script>\n<!-- \/ Yoast SEO plugin. -->","yoast_head_json":{"title":"Leg dig p\u00e5 vej - EGU TRANSPORT","robots":{"index":"index","follow":"follow","max-snippet":"max-snippet:-1","max-image-preview":"max-image-preview:large","max-video-preview":"max-video-preview:-1"},"canonical":"https:\/\/legu.dk\/index.php\/leg-dig-paa-vej\/","og_locale":"da_DK","og_type":"article","og_title":"Leg dig p\u00e5 vej - EGU TRANSPORT","og_description":"Leg dig p\u00e5 vej","og_url":"https:\/\/legu.dk\/index.php\/leg-dig-paa-vej\/","og_site_name":"EGU TRANSPORT","article_modified_time":"2025-04-29T15:47:20+00:00","twitter_card":"summary_large_image","twitter_misc":{"Estimeret l\u00e6setid":"1 minut"},"schema":{"@context":"https:\/\/schema.org","@graph":[{"@type":"WebPage","@id":"https:\/\/legu.dk\/index.php\/leg-dig-paa-vej\/","url":"https:\/\/legu.dk\/index.php\/leg-dig-paa-vej\/","name":"Leg dig p\u00e5 vej - EGU TRANSPORT","isPartOf":{"@id":"https:\/\/legu.dk\/#website"},"datePublished":"2025-04-29T15:16:12+00:00","dateModified":"2025-04-29T15:47:20+00:00","breadcrumb":{"@id":"https:\/\/legu.dk\/index.php\/leg-dig-paa-vej\/#breadcrumb"},"inLanguage":"da-DK","potentialAction":[{"@type":"ReadAction","target":["https:\/\/legu.dk\/index.php\/leg-dig-paa-vej\/"]}]},{"@type":"BreadcrumbList","@id":"https:\/\/legu.dk\/index.php\/leg-dig-paa-vej\/#breadcrumb","itemListElement":[{"@type":"ListItem","position":1,"name":"Hjem","item":"https:\/\/legu.dk\/"},{"@type":"ListItem","position":2,"name":"Leg dig p\u00e5 vej"}]},{"@type":"WebSite","@id":"https:\/\/legu.dk\/#website","url":"https:\/\/legu.dk\/","name":"EGU TRANSPORT","description":"","potentialAction":[{"@type":"SearchAction","target":{"@type":"EntryPoint","urlTemplate":"https:\/\/legu.dk\/?s={search_term_string}"},"query-input":{"@type":"PropertyValueSpecification","valueRequired":true,"valueName":"search_term_string"}}],"inLanguage":"da-DK"}]}},"_links":{"self":[{"href":"https:\/\/legu.dk\/index.php\/wp-json\/wp\/v2\/pages\/62","targetHints":{"allow":["GET"]}}],"collection":[{"href":"https:\/\/legu.dk\/index.php\/wp-json\/wp\/v2\/pages"}],"about":[{"href":"https:\/\/legu.dk\/index.php\/wp-json\/wp\/v2\/types\/page"}],"author":[{"embeddable":true,"href":"https:\/\/legu.dk\/index.php\/wp-json\/wp\/v2\/users\/1"}],"replies":[{"embeddable":true,"href":"https:\/\/legu.dk\/index.php\/wp-json\/wp\/v2\/comments?post=62"}],"version-history":[{"count":2,"href":"https:\/\/legu.dk\/index.php\/wp-json\/wp\/v2\/pages\/62\/revisions"}],"predecessor-version":[{"id":96,"href":"https:\/\/legu.dk\/index.php\/wp-json\/wp\/v2\/pages\/62\/revisions\/96"}],"wp:attachment":[{"href":"https:\/\/legu.dk\/index.php\/wp-json\/wp\/v2\/media?parent=62"}],"curies":[{"name":"wp","href":"https:\/\/api.w.org\/{rel}","templated":true}]}}