{"id":72,"date":"2025-04-29T15:30:52","date_gmt":"2025-04-29T15:30:52","guid":{"rendered":"https:\/\/legu.dk\/?page_id=72"},"modified":"2025-06-07T14:59:40","modified_gmt":"2025-06-07T14:59:40","slug":"presse","status":"publish","type":"page","link":"https:\/\/legu.dk\/index.php\/presse\/","title":{"rendered":"Presse"},"content":{"rendered":"\n<ul class=\"wp-block-list\">\n<li><a href=\"https:\/\/www.frederikshavnsavis.dk\/2023\/10\/13\/130-uddannelsesbeviser-til-8-egu-elever.html\" target=\"_blank\" rel=\"noreferrer noopener\">2023 &#8211; Frederikshavns Avis<\/a><\/li>\n\n\n\n<li><a href=\"https:\/\/www.eucnord.dk\/fileadmin\/user_upload\/Kampagneavis_EUCNord_web.pdf\" target=\"_blank\" rel=\"noreferrer noopener\">Eucnord, nyheder, side 5<\/a><\/li>\n\n\n\n<li><a href=\"https:\/\/nordjyske.dk\/plus\/frederikshavn\/fra-mobbeoffer-med-angst-til-lykkelig-familiefar-tilfaeldigheder-aendrede-jans-liv\/56e06cc9-3e70-4211-9f29-ef30ee5ef1f5\" target=\"_blank\" rel=\"noreferrer noopener\">Nordjyske<\/a>, kr\u00e6ver abonnement. &#8220;<em>Blev mobbet, sl\u00e5et og skubbet dagligt i flere \u00e5r. Senere fulgte flere andre nederlag. Alligevel er han i dag d\u00e9r, hvor han kan sige, at han f\u00f8ler sig lykkelig&#8221;.<\/em><\/li>\n\n\n\n<li><a href=\"https:\/\/www.facebook.com\/nicklas.nielsen.161\/videos\/10219432524340857\" target=\"_blank\" rel=\"noreferrer noopener\">TV2 NORD<\/a><\/li>\n\n\n\n<li><a href=\"https:\/\/legu.dk\/index.php\/noedhjaelp-paa-skoleskemaet\/\" target=\"_blank\" rel=\"noreferrer noopener\">N\u00f8dh\u00e6lp uden gr\u00e6nser 2025<\/a> lokal avis<\/li>\n\n\n\n<li><a href=\"https:\/\/legu.dk\/wp-admin\/post.php?post=214&amp;action=edit\" target=\"_blank\" rel=\"noreferrer noopener\">N\u00f8dhj\u00e6lp p\u00e5 skoleskemaet i EGUs transportuddannelse<\/a>\n<ul class=\"wp-block-list\">\n<li><a href=\"https:\/\/legu.dk\/wp-admin\/post.php?post=203&amp;action=edit\" target=\"_blank\" rel=\"noreferrer noopener\">Noah Andreassen har fundet sig selv<\/a><\/li>\n\n\n\n<li><a href=\"https:\/\/legu.dk\/wp-admin\/post.php?post=205&amp;action=edit\" target=\"_blank\" rel=\"noreferrer noopener\">Patrick har f\u00e5et en ny start i livet p\u00e5 EGU<\/a><\/li>\n<\/ul>\n<\/li>\n<\/ul>\n\n\n\n<p><a href=\"https:\/\/www.facebook.com\/groups\/838075800056057\" target=\"_blank\" rel=\"noreferrer noopener\">Se ogs\u00e5 med p\u00e5 facebook &#8220;EGU-transport&#8221;<\/a><\/p>\n\n\n\n<hr class=\"wp-block-separator has-alpha-channel-opacity\"\/>\n\n\n\n<h2 class=\"wp-block-heading\">N\u00f8dhj\u00e6lp Uden Gr\u00e6nser 2025<\/h2>\n\n\n\n<p>EUC Nord i Frederikshavn: N\u00f8dhj\u00e6lp p\u00e5 skoleskemaet&nbsp;&nbsp;&nbsp;&nbsp;&nbsp;&nbsp;&nbsp;&nbsp;&nbsp;&nbsp;&nbsp;&nbsp;&nbsp;&nbsp;&nbsp;&nbsp;&nbsp;&nbsp;&nbsp;&nbsp;&nbsp;&nbsp;&nbsp; 11. april 2025 &#8211; kl. 00.04<\/p>\n\n\n\n<p><a href=\"mailto:redaktion@kanalfrederikshavn.dk\"><strong>Af:&nbsp;Michael Frederiksen<\/strong><\/a><\/p>\n\n\n\n<p>EGU-uddannelsen p\u00e5 EUC Nord i Frederikshavn har netop startet nyt hold op, og underviser Kim Bille har til lejligheden opfundet et n\u00f8dhj\u00e6lpsprojekt, som eleverne skal arbejde med p\u00e5 deres uddannelse, der har omdrejningspunktet transport.<\/p>\n\n\n\n<p>Udover de 11 EGU-elever skal cirka 100 elever fra FGU Vendsyssel hj\u00e6lpe til i projektet. Og s\u00e5 s\u00f8ger Kim Bille efter seniorer, der har lyst til at \u00f8se af deres livs- og erhvervserfaring til en flok unge mennesker, der er p\u00e5 vej ind p\u00e5 jobmarkedet.<\/p>\n\n\n\n<p>&#8211; Projektet hedder N\u00f8dhj\u00e6lp Uden Gr\u00e6nser og skal forst\u00e5s p\u00e5 den m\u00e5de, at vi dels yder n\u00f8dhj\u00e6lp til nogle unge mennesker, der er kommet lidt sk\u00e6vt ind p\u00e5 livet, og dels et decideret n\u00f8dhj\u00e6lpsprojekt, hvor overskuddet g\u00e5r til landsforeningen Bedre Psykiatri. Vi har lavet en aftale med Nordv\u00e6rk om, at de leverer genbrugsmateriale, som vi skal g\u00f8re klar til salg til en event i december, hvor EGU-elevernes skoledel afsluttes. Vores elever tager sig af projektet, og FGU Vendsyssels elever hj\u00e6lper med selve klarg\u00f8ringen af genbrugssagerne, men vi kunne ogs\u00e5 godt bruge nogle lokale seniorer, der har tid og lyst til at v\u00e6re med i projektet, da deres erfaring med arbejde og livet generelt har stor v\u00e6rdi for de unge mennesker p\u00e5 uddannelserne, siger Kim Bille.<\/p>\n\n\n\n<p>Selve EGU-uddannelsen, der holder til hos EUC Nord p\u00e5 Knivholtvej i Frederikshavn, har transport som omdrejningspunkt. De unge f\u00e5r stort k\u00f8rekort, truckcertifikat, farligt gods-bevis, krankursus og en masse andre fag, der kl\u00e6der dem p\u00e5 til at f\u00e5 et arbejde som for eksempel chauff\u00f8r.<\/p>\n\n\n\n<p>Uddannelsen er to-\u00e5rig og meget praktisk anlagt. Efter et halvt \u00e5r p\u00e5 skole skal de tage resten af uddannelsen i en virksomhed, hvor de arbejder p\u00e5 fuld tid kun afbrudt af korte skoleophold. EUC Nord k\u00f8rer uddannelsen p\u00e5 sjette \u00e5r, og if\u00f8lge Kim Bille har det v\u00e6ret en overv\u00e6ldende succes indtil videre.<\/p>\n\n\n\n<p>&#8211; Den teoretiske del af EGU-uddannelsen handler hos os om transport. De unge skal gennemg\u00e5 meget, og de skal blandt andet til 28 eksamener inden december. Det lyder voldsomt, men det er faktisk lykkedes for stort set alle i de seks \u00e5r, vi har k\u00f8rt uddannelsen. Op mod 95 procent af de unge, der har gennemg\u00e5et vores uddannelse, har job i dag. En enkelt er endda blevet selvst\u00e6ndig vognmand. Jeg holder lidt snor i de tidligere elever, og de bes\u00f8ger os ogs\u00e5 en gang imellem. Det er typisk unge, som er kommet lidt sk\u00e6vt ind p\u00e5 livet, og de har sj\u00e6ldent gode erfaringer med uddannelse eller job. Vi giver dem en retning og st\u00f8tter dem p\u00e5 vores m\u00e5de, og det synes jeg virker godt, siger Kim Bille.<\/p>\n\n\n\n<p>Lige nu er n\u00f8dhj\u00e6lpsprojektet i startfasen. De unge EGU\u2019ere er i gang med at f\u00e5 de grundl\u00e6ggende transport-v\u00e6rkt\u00f8jer p\u00e5 plads, og Kim Bille bruger tiden p\u00e5 at f\u00e5 flere samarbejdspartnere. Men inden l\u00e6nge begynder de unge at hente genstande hos Nordv\u00e6rk, og s\u00e5 er projektet for alvor i gang.<\/p>\n\n\n\n<p>Kim Bille fort\u00e6ller, at det hele kulminerer med en event i december p\u00e5 Knivholtvej 18 i Frederikshavn, hvor man s\u00e6lger det restaurerede genbrugsmateriale, laver modeshow med genbrugst\u00f8j og serverer lidt mad og drikke , som eleverne selv har lavet.<\/p>\n\n\n\n<p><a href=\"https:\/\/www.kanalfrederikshavn.dk\/nyheder\/tags\/tag\/euc-nord\">EUC Nord<\/a><\/p>\n\n\n\n<p><\/p>\n","protected":false},"excerpt":{"rendered":"<p>Se ogs\u00e5 med p\u00e5 facebook &#8220;EGU-transport&#8221; N\u00f8dhj\u00e6lp Uden Gr\u00e6nser 2025 EUC Nord i Frederikshavn: N\u00f8dhj\u00e6lp p\u00e5 skoleskemaet&nbsp;&nbsp;&nbsp;&nbsp;&nbsp;&nbsp;&nbsp;&nbsp;&nbsp;&nbsp;&nbsp;&nbsp;&nbsp;&nbsp;&nbsp;&nbsp;&nbsp;&nbsp;&nbsp;&nbsp;&nbsp;&nbsp;&nbsp; 11. april 2025 &#8211; kl. 00.04 Af:&nbsp;Michael Frederiksen EGU-uddannelsen p\u00e5 EUC Nord i Frederikshavn har netop startet nyt hold op, og underviser Kim Bille har til lejligheden opfundet et n\u00f8dhj\u00e6lpsprojekt, som eleverne skal arbejde med p\u00e5 deres uddannelse, [&hellip;]<\/p>\n","protected":false},"author":1,"featured_media":0,"parent":0,"menu_order":0,"comment_status":"closed","ping_status":"closed","template":"","meta":{"footnotes":""},"class_list":["post-72","page","type-page","status-publish","hentry"],"yoast_head":"<!-- This site is optimized with the Yoast SEO plugin v25.2 - https:\/\/yoast.com\/wordpress\/plugins\/seo\/ -->\n<title>Presse - EGU TRANSPORT<\/title>\n<meta name=\"robots\" content=\"index, follow, max-snippet:-1, max-image-preview:large, max-video-preview:-1\" \/>\n<link rel=\"canonical\" href=\"https:\/\/legu.dk\/index.php\/presse\/\" \/>\n<meta property=\"og:locale\" content=\"da_DK\" \/>\n<meta property=\"og:type\" content=\"article\" \/>\n<meta property=\"og:title\" content=\"Presse - EGU TRANSPORT\" \/>\n<meta property=\"og:description\" content=\"Se ogs\u00e5 med p\u00e5 facebook &#8220;EGU-transport&#8221; N\u00f8dhj\u00e6lp Uden Gr\u00e6nser 2025 EUC Nord i Frederikshavn: N\u00f8dhj\u00e6lp p\u00e5 skoleskemaet&nbsp;&nbsp;&nbsp;&nbsp;&nbsp;&nbsp;&nbsp;&nbsp;&nbsp;&nbsp;&nbsp;&nbsp;&nbsp;&nbsp;&nbsp;&nbsp;&nbsp;&nbsp;&nbsp;&nbsp;&nbsp;&nbsp;&nbsp; 11. april 2025 &#8211; kl. 00.04 Af:&nbsp;Michael Frederiksen EGU-uddannelsen p\u00e5 EUC Nord i Frederikshavn har netop startet nyt hold op, og underviser Kim Bille har til lejligheden opfundet et n\u00f8dhj\u00e6lpsprojekt, som eleverne skal arbejde med p\u00e5 deres uddannelse, [&hellip;]\" \/>\n<meta property=\"og:url\" content=\"https:\/\/legu.dk\/index.php\/presse\/\" \/>\n<meta property=\"og:site_name\" content=\"EGU TRANSPORT\" \/>\n<meta property=\"article:modified_time\" content=\"2025-06-07T14:59:40+00:00\" \/>\n<meta name=\"twitter:card\" content=\"summary_large_image\" \/>\n<meta name=\"twitter:label1\" content=\"Estimeret l\u00e6setid\" \/>\n\t<meta name=\"twitter:data1\" content=\"4 minutter\" \/>\n<script type=\"application\/ld+json\" class=\"yoast-schema-graph\">{\"@context\":\"https:\/\/schema.org\",\"@graph\":[{\"@type\":\"WebPage\",\"@id\":\"https:\/\/legu.dk\/index.php\/presse\/\",\"url\":\"https:\/\/legu.dk\/index.php\/presse\/\",\"name\":\"Presse - EGU TRANSPORT\",\"isPartOf\":{\"@id\":\"https:\/\/legu.dk\/#website\"},\"datePublished\":\"2025-04-29T15:30:52+00:00\",\"dateModified\":\"2025-06-07T14:59:40+00:00\",\"breadcrumb\":{\"@id\":\"https:\/\/legu.dk\/index.php\/presse\/#breadcrumb\"},\"inLanguage\":\"da-DK\",\"potentialAction\":[{\"@type\":\"ReadAction\",\"target\":[\"https:\/\/legu.dk\/index.php\/presse\/\"]}]},{\"@type\":\"BreadcrumbList\",\"@id\":\"https:\/\/legu.dk\/index.php\/presse\/#breadcrumb\",\"itemListElement\":[{\"@type\":\"ListItem\",\"position\":1,\"name\":\"Hjem\",\"item\":\"https:\/\/legu.dk\/\"},{\"@type\":\"ListItem\",\"position\":2,\"name\":\"Presse\"}]},{\"@type\":\"WebSite\",\"@id\":\"https:\/\/legu.dk\/#website\",\"url\":\"https:\/\/legu.dk\/\",\"name\":\"EGU TRANSPORT\",\"description\":\"\",\"potentialAction\":[{\"@type\":\"SearchAction\",\"target\":{\"@type\":\"EntryPoint\",\"urlTemplate\":\"https:\/\/legu.dk\/?s={search_term_string}\"},\"query-input\":{\"@type\":\"PropertyValueSpecification\",\"valueRequired\":true,\"valueName\":\"search_term_string\"}}],\"inLanguage\":\"da-DK\"}]}<\/script>\n<!-- \/ Yoast SEO plugin. -->","yoast_head_json":{"title":"Presse - EGU TRANSPORT","robots":{"index":"index","follow":"follow","max-snippet":"max-snippet:-1","max-image-preview":"max-image-preview:large","max-video-preview":"max-video-preview:-1"},"canonical":"https:\/\/legu.dk\/index.php\/presse\/","og_locale":"da_DK","og_type":"article","og_title":"Presse - EGU TRANSPORT","og_description":"Se ogs\u00e5 med p\u00e5 facebook &#8220;EGU-transport&#8221; N\u00f8dhj\u00e6lp Uden Gr\u00e6nser 2025 EUC Nord i Frederikshavn: N\u00f8dhj\u00e6lp p\u00e5 skoleskemaet&nbsp;&nbsp;&nbsp;&nbsp;&nbsp;&nbsp;&nbsp;&nbsp;&nbsp;&nbsp;&nbsp;&nbsp;&nbsp;&nbsp;&nbsp;&nbsp;&nbsp;&nbsp;&nbsp;&nbsp;&nbsp;&nbsp;&nbsp; 11. april 2025 &#8211; kl. 00.04 Af:&nbsp;Michael Frederiksen EGU-uddannelsen p\u00e5 EUC Nord i Frederikshavn har netop startet nyt hold op, og underviser Kim Bille har til lejligheden opfundet et n\u00f8dhj\u00e6lpsprojekt, som eleverne skal arbejde med p\u00e5 deres uddannelse, [&hellip;]","og_url":"https:\/\/legu.dk\/index.php\/presse\/","og_site_name":"EGU TRANSPORT","article_modified_time":"2025-06-07T14:59:40+00:00","twitter_card":"summary_large_image","twitter_misc":{"Estimeret l\u00e6setid":"4 minutter"},"schema":{"@context":"https:\/\/schema.org","@graph":[{"@type":"WebPage","@id":"https:\/\/legu.dk\/index.php\/presse\/","url":"https:\/\/legu.dk\/index.php\/presse\/","name":"Presse - EGU TRANSPORT","isPartOf":{"@id":"https:\/\/legu.dk\/#website"},"datePublished":"2025-04-29T15:30:52+00:00","dateModified":"2025-06-07T14:59:40+00:00","breadcrumb":{"@id":"https:\/\/legu.dk\/index.php\/presse\/#breadcrumb"},"inLanguage":"da-DK","potentialAction":[{"@type":"ReadAction","target":["https:\/\/legu.dk\/index.php\/presse\/"]}]},{"@type":"BreadcrumbList","@id":"https:\/\/legu.dk\/index.php\/presse\/#breadcrumb","itemListElement":[{"@type":"ListItem","position":1,"name":"Hjem","item":"https:\/\/legu.dk\/"},{"@type":"ListItem","position":2,"name":"Presse"}]},{"@type":"WebSite","@id":"https:\/\/legu.dk\/#website","url":"https:\/\/legu.dk\/","name":"EGU TRANSPORT","description":"","potentialAction":[{"@type":"SearchAction","target":{"@type":"EntryPoint","urlTemplate":"https:\/\/legu.dk\/?s={search_term_string}"},"query-input":{"@type":"PropertyValueSpecification","valueRequired":true,"valueName":"search_term_string"}}],"inLanguage":"da-DK"}]}},"_links":{"self":[{"href":"https:\/\/legu.dk\/index.php\/wp-json\/wp\/v2\/pages\/72","targetHints":{"allow":["GET"]}}],"collection":[{"href":"https:\/\/legu.dk\/index.php\/wp-json\/wp\/v2\/pages"}],"about":[{"href":"https:\/\/legu.dk\/index.php\/wp-json\/wp\/v2\/types\/page"}],"author":[{"embeddable":true,"href":"https:\/\/legu.dk\/index.php\/wp-json\/wp\/v2\/users\/1"}],"replies":[{"embeddable":true,"href":"https:\/\/legu.dk\/index.php\/wp-json\/wp\/v2\/comments?post=72"}],"version-history":[{"count":12,"href":"https:\/\/legu.dk\/index.php\/wp-json\/wp\/v2\/pages\/72\/revisions"}],"predecessor-version":[{"id":219,"href":"https:\/\/legu.dk\/index.php\/wp-json\/wp\/v2\/pages\/72\/revisions\/219"}],"wp:attachment":[{"href":"https:\/\/legu.dk\/index.php\/wp-json\/wp\/v2\/media?parent=72"}],"curies":[{"name":"wp","href":"https:\/\/api.w.org\/{rel}","templated":true}]}}